{"id":2727,"date":"2025-06-12T14:50:27","date_gmt":"2025-06-12T14:50:27","guid":{"rendered":"https:\/\/www.pavageml.com\/?page_id=2727"},"modified":"2025-06-12T14:51:26","modified_gmt":"2025-06-12T14:51:26","slug":"politique-de-confidentialite","status":"publish","type":"page","link":"https:\/\/www.pavageml.com\/fr\/politique-de-confidentialite\/","title":{"rendered":"Politique de confidentialit\u00e9"},"content":{"rendered":"<p><\/br><\/p>\n<div class=\"section the_content has_content\">\n<div class=\"section_wrapper\">\n<div class=\"the_content_wrapper\">\n<div><\/div>\n<div><\/div>\n<div id=\"wb_page56Text1\"><span id=\"wb_uid10\"><strong>Introduction<\/strong><br \/>\n<\/span><\/div>\n<div><span id=\"wb_uid10\">Devant le d\u00e9veloppement des nouveaux outils de communication, il est n\u00e9cessaire de porter une attention particuli\u00e8re \u00e0 la protection de la vie priv\u00e9e. C\u2019est pourquoi, nous nous engageons \u00e0 respecter la confidentialit\u00e9 des renseignements personnels que nous collectons.<\/span><\/div>\n<div><\/div>\n<div><strong>Collecte des renseignements personnels<\/strong><\/div>\n<div>Nous collectons les renseignements suivants\u00a0:<\/div>\n<div>Nom<br \/>\nPr\u00e9nom<br \/>\nAdresse postale<br \/>\nCode postal<br \/>\nAdresse \u00e9lectronique<br \/>\nNum\u00e9ro de t\u00e9l\u00e9phone<\/div>\n<div><\/div>\n<div>Les renseignements personnels que nous collectons sont recueillis au travers de formulaires et gr\u00e2ce \u00e0 l\u2019interactivit\u00e9 \u00e9tablie entre vous et notre site Web. Nous utilisons \u00e9galement, comme indiqu\u00e9 dans la section suivante, des fichiers t\u00e9moins et\/ou journaux pour r\u00e9unir des informations vous concernant.<\/div>\n<div>Formulaires\u00a0 et interactivit\u00e9:<\/div>\n<div>Vos renseignements personnels sont collect\u00e9s par le biais de formulaire, \u00e0 savoir\u00a0:Formulaire d\u2019inscription au site Web<\/div>\n<div>Nous utilisons les renseignements ainsi collect\u00e9s pour les finalit\u00e9s suivantes\u00a0:<\/div>\n<div><\/div>\n<div>Contact<\/div>\n<div>\n<p>Vos renseignements sont \u00e9galement collect\u00e9s par le biais de l\u2019interactivit\u00e9 pouvant s\u2019\u00e9tablir entre vous et notre site Web et ce, de la fa\u00e7on suivante:Contact<\/p>\n<p>Nous utilisons les renseignements ainsi collect\u00e9s pour les finalit\u00e9s suivantes\u00a0:<\/p>\n<p>Fichiers journaux et t\u00e9moins<\/p>\n<p>Nous recueillons certaines informations par le biais de fichiers journaux (log file) et de fichiers t\u00e9moins (cookies). Il s\u2019agit principalement des informations suivantes\u00a0:<\/p>\n<p>Adresse IP<\/p>\n<p>Le recours \u00e0 de tels fichiers nous permet\u00a0:<\/p>\n<p><strong>Droit d\u2019opposition et de retrait<\/strong><\/p>\n<p>Nous nous engageons \u00e0 vous offrir un droit d\u2019opposition et de retrait quant \u00e0 vos renseignements personnels.<\/p>\n<\/div>\n<div>Le droit d\u2019opposition s\u2019entend comme \u00e9tant la possibilit\u00e9 offerte aux internautes de refuser que leurs renseignements personnels soient utilis\u00e9es \u00e0 certaines fins mentionn\u00e9es lors de la collecte.Le droit de retrait s\u2019entend comme \u00e9tant la possibilit\u00e9 offerte aux internautes de demander \u00e0 ce que leurs renseignements personnels ne figurent plus, par exemple, dans une liste de diffusion.<\/div>\n<div><\/div>\n<div><\/div>\n<div><strong>Pour pouvoir exercer ces droits, vous pouvez\u00a0:<\/strong><\/div>\n<div><span id=\"wb_uid10\">Adresse : 2514 Chemin de St-C\u00e9saire, Marieville (QC) J3M 1N9<br \/>\nCourriel : <span \n                data-original-string='NLnGt92K8myiFx9m40CTmA==97c01O96ocWgx5vVyCRC+ac\/WIPwm1h49Vm5LoIWtts1io='\n                class='apbct-email-encoder'\n                title='This contact has been encoded by Anti-Spam by CleanTalk. Click to decode. To finish the decoding make sure that JavaScript is enabled in your browser.'>pa<span class=\"apbct-blur\">******<\/span>@<span class=\"apbct-blur\">*****<\/span>il.com<\/span><br \/>\nT\u00e9l\u00e9phone\u00a0: (514) 518 4452<br \/>\nSection du site web : https:\/\/www.pavageml.com\/<\/span><\/div>\n<div><\/div>\n<div>\n<p><span id=\"wb_uid10\"><strong>Droit d\u2019acc\u00e8s<\/strong><\/span><\/p>\n<p>Nous nous engageons \u00e0 reconna\u00eetre un droit d\u2019acc\u00e8s et de rectification aux personnes concern\u00e9es d\u00e9sireuses de consulter, modifier, voire radier les informations les concernant.<\/p>\n<\/div>\n<div><span id=\"wb_uid10\"><strong>L\u2019exercice de ce droit se fera\u00a0:<\/strong><br \/>\nAdresse : 2514 Chemin de St-C\u00e9saire, Marieville (QC) J3M 1N9<br \/>\nCourriel : <span \n                data-original-string='\/M5tusxwc3dtgEg+xq4hjQ==97crz8Q2j1eiCJ59Gypv28t5RafGCdayOhhL1schffe6bw='\n                class='apbct-email-encoder'\n                title='This contact has been encoded by Anti-Spam by CleanTalk. Click to decode. To finish the decoding make sure that JavaScript is enabled in your browser.'>pa<span class=\"apbct-blur\">******<\/span>@<span class=\"apbct-blur\">*****<\/span>il.com<\/span><br \/>\nT\u00e9l\u00e9phone\u00a0: (514) 518 4452<br \/>\nSection du site web\u00a0: https:\/\/www.pavageml.com\/<br \/>\n<\/span><\/div>\n<div><\/div>\n<div>\n<p><span id=\"wb_uid10\"><strong>S\u00e9curit\u00e9<\/strong><\/span><\/p>\n<p>Les renseignements personnels que nous collectons sont conserv\u00e9s dans un environnement s\u00e9curis\u00e9. Les personnes travaillant pour nous sont tenues de respecter la confidentialit\u00e9 de vos informations.<\/p>\n<\/div>\n<div>Pour assurer la s\u00e9curit\u00e9 de vos renseignements personnels, nous avons recours aux mesures suivantes\u00a0:Gestion des acc\u00e8s \u2013 personne autoris\u00e9e<br \/>\nD\u00e9veloppement de certificat num\u00e9rique<br \/>\nIdentifiant \/ mot de passe<\/div>\n<div><\/div>\n<div>Nous nous engageons \u00e0 maintenir un haut degr\u00e9 de confidentialit\u00e9 en int\u00e9grant les derni\u00e8res innovations technologiques permettant d\u2019assurer la confidentialit\u00e9 de vos transactions. Toutefois, comme aucun m\u00e9canisme n\u2019offre une s\u00e9curit\u00e9 maximale, une part de risque est toujours pr\u00e9sente lorsque l\u2019on utilise Internet pour transmettre des renseignements personnels.<\/div>\n<div><\/div>\n<div><strong>Label<\/strong><\/div>\n<div>\n<p>Nos engagements en mati\u00e8re de protection des renseignements personnels r\u00e9pondent aux exigences du programme suivant\u00a0:https:\/\/www.comodo.com<\/p>\n<p><strong>L\u00e9gislation<\/strong><\/p>\n<p>Nous nous engageons \u00e0 respecter les dispositions l\u00e9gislatives \u00e9nonc\u00e9es dans\u00a0:<br \/>\nCanada<\/p>\n<\/div>\n<\/div>\n<\/div>\n<\/div>","protected":false},"excerpt":{"rendered":"<p>Introduction Devant le d\u00e9veloppement des nouveaux outils de communication, il est n\u00e9cessaire de porter une attention particuli\u00e8re \u00e0 la protection de la vie priv\u00e9e. C\u2019est pourquoi,<span class=\"excerpt-hellip\"> [\u2026]<\/span><\/p>\n","protected":false},"author":1,"featured_media":0,"parent":0,"menu_order":0,"comment_status":"closed","ping_status":"closed","template":"","meta":{"footnotes":""},"class_list":["post-2727","page","type-page","status-publish","hentry"],"yoast_head":"<!-- This site is optimized with the Yoast SEO plugin v27.3 - https:\/\/yoast.com\/product\/yoast-seo-wordpress\/ -->\n<title>Politique de confidentialit\u00e9 - Terrassement et Pavage ML<\/title>\n<meta name=\"robots\" content=\"index, follow, max-snippet:-1, max-image-preview:large, max-video-preview:-1\" \/>\n<link rel=\"canonical\" href=\"https:\/\/www.pavageml.com\/fr\/politique-de-confidentialite\/\" \/>\n<meta property=\"og:locale\" content=\"fr_FR\" \/>\n<meta property=\"og:type\" content=\"article\" \/>\n<meta property=\"og:title\" content=\"Politique de confidentialit\u00e9 - Terrassement et Pavage ML\" \/>\n<meta property=\"og:description\" content=\"Introduction Devant le d\u00e9veloppement des nouveaux outils de communication, il est n\u00e9cessaire de porter une attention particuli\u00e8re \u00e0 la protection de la vie priv\u00e9e. C\u2019est pourquoi, [\u2026]\" \/>\n<meta property=\"og:url\" content=\"https:\/\/www.pavageml.com\/fr\/politique-de-confidentialite\/\" \/>\n<meta property=\"og:site_name\" content=\"Terrassement et Pavage ML\" \/>\n<meta property=\"article:modified_time\" content=\"2025-06-12T14:51:26+00:00\" \/>\n<meta name=\"twitter:card\" content=\"summary_large_image\" \/>\n<meta name=\"twitter:label1\" content=\"Dur\u00e9e de lecture estim\u00e9e\" \/>\n\t<meta name=\"twitter:data1\" content=\"3 minutes\" \/>\n<script type=\"application\/ld+json\" class=\"yoast-schema-graph\">{\"@context\":\"https:\\\/\\\/schema.org\",\"@graph\":[{\"@type\":\"WebPage\",\"@id\":\"https:\\\/\\\/www.pavageml.com\\\/politique-de-confidentialite\\\/\",\"url\":\"https:\\\/\\\/www.pavageml.com\\\/politique-de-confidentialite\\\/\",\"name\":\"Politique de confidentialit\u00e9 - Terrassement et Pavage ML\",\"isPartOf\":{\"@id\":\"https:\\\/\\\/www.pavageml.com\\\/#website\"},\"datePublished\":\"2025-06-12T14:50:27+00:00\",\"dateModified\":\"2025-06-12T14:51:26+00:00\",\"breadcrumb\":{\"@id\":\"https:\\\/\\\/www.pavageml.com\\\/politique-de-confidentialite\\\/#breadcrumb\"},\"inLanguage\":\"fr-FR\",\"potentialAction\":[{\"@type\":\"ReadAction\",\"target\":[\"https:\\\/\\\/www.pavageml.com\\\/politique-de-confidentialite\\\/\"]}]},{\"@type\":\"BreadcrumbList\",\"@id\":\"https:\\\/\\\/www.pavageml.com\\\/politique-de-confidentialite\\\/#breadcrumb\",\"itemListElement\":[{\"@type\":\"ListItem\",\"position\":1,\"name\":\"Accueil\",\"item\":\"https:\\\/\\\/www.pavageml.com\\\/\"},{\"@type\":\"ListItem\",\"position\":2,\"name\":\"Politique de confidentialit\u00e9\"}]},{\"@type\":\"WebSite\",\"@id\":\"https:\\\/\\\/www.pavageml.com\\\/#website\",\"url\":\"https:\\\/\\\/www.pavageml.com\\\/\",\"name\":\"Terrassement et Pavage ML\",\"description\":\"Terrassement et Pavage Rive-Sud | Asphalte, Excavation, Pav\u00e9 Uni\",\"potentialAction\":[{\"@type\":\"SearchAction\",\"target\":{\"@type\":\"EntryPoint\",\"urlTemplate\":\"https:\\\/\\\/www.pavageml.com\\\/?s={search_term_string}\"},\"query-input\":{\"@type\":\"PropertyValueSpecification\",\"valueRequired\":true,\"valueName\":\"search_term_string\"}}],\"inLanguage\":\"fr-FR\"}]}<\/script>\n<!-- \/ Yoast SEO plugin. -->","yoast_head_json":{"title":"Politique de confidentialit\u00e9 - Terrassement et Pavage ML","robots":{"index":"index","follow":"follow","max-snippet":"max-snippet:-1","max-image-preview":"max-image-preview:large","max-video-preview":"max-video-preview:-1"},"canonical":"https:\/\/www.pavageml.com\/fr\/politique-de-confidentialite\/","og_locale":"fr_FR","og_type":"article","og_title":"Politique de confidentialit\u00e9 - Terrassement et Pavage ML","og_description":"Introduction Devant le d\u00e9veloppement des nouveaux outils de communication, il est n\u00e9cessaire de porter une attention particuli\u00e8re \u00e0 la protection de la vie priv\u00e9e. C\u2019est pourquoi, [\u2026]","og_url":"https:\/\/www.pavageml.com\/fr\/politique-de-confidentialite\/","og_site_name":"Terrassement et Pavage ML","article_modified_time":"2025-06-12T14:51:26+00:00","twitter_card":"summary_large_image","twitter_misc":{"Dur\u00e9e de lecture estim\u00e9e":"3 minutes"},"schema":{"@context":"https:\/\/schema.org","@graph":[{"@type":"WebPage","@id":"https:\/\/www.pavageml.com\/politique-de-confidentialite\/","url":"https:\/\/www.pavageml.com\/politique-de-confidentialite\/","name":"Politique de confidentialit\u00e9 - Terrassement et Pavage ML","isPartOf":{"@id":"https:\/\/www.pavageml.com\/#website"},"datePublished":"2025-06-12T14:50:27+00:00","dateModified":"2025-06-12T14:51:26+00:00","breadcrumb":{"@id":"https:\/\/www.pavageml.com\/politique-de-confidentialite\/#breadcrumb"},"inLanguage":"fr-FR","potentialAction":[{"@type":"ReadAction","target":["https:\/\/www.pavageml.com\/politique-de-confidentialite\/"]}]},{"@type":"BreadcrumbList","@id":"https:\/\/www.pavageml.com\/politique-de-confidentialite\/#breadcrumb","itemListElement":[{"@type":"ListItem","position":1,"name":"Accueil","item":"https:\/\/www.pavageml.com\/"},{"@type":"ListItem","position":2,"name":"Politique de confidentialit\u00e9"}]},{"@type":"WebSite","@id":"https:\/\/www.pavageml.com\/#website","url":"https:\/\/www.pavageml.com\/","name":"Terrassement et Pavage ML","description":"Terrassement et Pavage Rive-Sud | Asphalte, Excavation, Pav\u00e9 Uni","potentialAction":[{"@type":"SearchAction","target":{"@type":"EntryPoint","urlTemplate":"https:\/\/www.pavageml.com\/?s={search_term_string}"},"query-input":{"@type":"PropertyValueSpecification","valueRequired":true,"valueName":"search_term_string"}}],"inLanguage":"fr-FR"}]}},"_links":{"self":[{"href":"https:\/\/www.pavageml.com\/fr\/wp-json\/wp\/v2\/pages\/2727","targetHints":{"allow":["GET"]}}],"collection":[{"href":"https:\/\/www.pavageml.com\/fr\/wp-json\/wp\/v2\/pages"}],"about":[{"href":"https:\/\/www.pavageml.com\/fr\/wp-json\/wp\/v2\/types\/page"}],"author":[{"embeddable":true,"href":"https:\/\/www.pavageml.com\/fr\/wp-json\/wp\/v2\/users\/1"}],"replies":[{"embeddable":true,"href":"https:\/\/www.pavageml.com\/fr\/wp-json\/wp\/v2\/comments?post=2727"}],"version-history":[{"count":4,"href":"https:\/\/www.pavageml.com\/fr\/wp-json\/wp\/v2\/pages\/2727\/revisions"}],"predecessor-version":[{"id":2731,"href":"https:\/\/www.pavageml.com\/fr\/wp-json\/wp\/v2\/pages\/2727\/revisions\/2731"}],"wp:attachment":[{"href":"https:\/\/www.pavageml.com\/fr\/wp-json\/wp\/v2\/media?parent=2727"}],"curies":[{"name":"wp","href":"https:\/\/api.w.org\/{rel}","templated":true}]}}